{"id":259,"date":"2021-05-08T22:17:42","date_gmt":"2021-05-08T22:17:42","guid":{"rendered":"https:\/\/falcomp.hu\/?page_id=259"},"modified":"2023-01-06T21:45:45","modified_gmt":"2023-01-06T21:45:45","slug":"rolunk","status":"publish","type":"page","link":"https:\/\/falcomp.hu\/en\/rolunk\/","title":{"rendered":"About us"},"content":{"rendered":"<p>[et_pb_section fb_built=&#8221;1&#8243; admin_label=&#8221;Szakasz&#8221; _builder_version=&#8221;4.19.4&#8243; _module_preset=&#8221;default&#8221; background_color=&#8221;#000000&#8243; global_colors_info=&#8221;{}&#8221;][et_pb_row _builder_version=&#8221;4.19.4&#8243; _module_preset=&#8221;default&#8221; animation_style=&#8221;fade&#8221; global_colors_info=&#8221;{}&#8221;][et_pb_column type=&#8221;4_4&#8243; _builder_version=&#8221;4.19.4&#8243; _module_preset=&#8221;default&#8221; global_colors_info=&#8221;{}&#8221;][et_pb_text _builder_version=&#8221;4.19.4&#8243; _module_preset=&#8221;default&#8221; custom_padding=&#8221;50px||||false|false&#8221; global_colors_info=&#8221;{}&#8221;]<\/p>\n<h1><span style=\"color: #ffffff;\">About us<\/span><\/h1>\n<p>[\/et_pb_text][\/et_pb_column][\/et_pb_row][et_pb_row column_structure=&#8221;3_5,2_5&#8243; _builder_version=&#8221;4.19.4&#8243; _module_preset=&#8221;default&#8221; animation_style=&#8221;fade&#8221; global_colors_info=&#8221;{}&#8221;][et_pb_column type=&#8221;3_5&#8243; _builder_version=&#8221;4.19.4&#8243; _module_preset=&#8221;default&#8221; global_colors_info=&#8221;{}&#8221;][et_pb_text _builder_version=&#8221;4.19.4&#8243; _module_preset=&#8221;default&#8221; global_colors_info=&#8221;{}&#8221;]<\/p>\n<p class=\"western\" align=\"justify\"><span style=\"font-family: 'Open Sans', Arial; color: #ffffff;\"><span style=\"font-size: medium;\">My name is Roland Falusi, I am a mechanical engineer, innovator, and the creator of FalComp.<\/span><\/span><\/p>\n<p class=\"western translation-block\" align=\"justify\">Since my childhood, designing, creating, and building has been my passion. It became clear to me at a young age that I wanted to develop my abilities in the technical field, so choosing a career in engineering was an obvious choice for me.<\/p>\n<p class=\"western translation-block\" align=\"justify\">Another passion of mine, also from my childhood, is flying, so my interest in technology and my love for flying and flying machines grew together with me and shaped my personality and my life. After building flying models as a child, as an adult and after finishing university, with a lot of theoretical knowledge but little experience, I cautiously began to try my wings in the field of manned flight: at that time I already flew with a paramotor and I thought I could build something better than my then \"factory\" paramotor.<\/p>\n<p class=\"western translation-block\" align=\"justify\">At first, it didn't succeed and not on the second try either... but I didn't give up and as the years passed, I realized that I was constantly learning new things and acquiring new \"skills\" in the field of engineering and especially in my beloved field of composite technology.<\/p>\n<p class=\"western translation-block\" align=\"justify\">With the growing experience, the thought of using the acquired knowledge and putting it at the service of others also grew stronger.<\/p>\n<p>[\/et_pb_text][\/et_pb_column][et_pb_column type=&#8221;2_5&#8243; _builder_version=&#8221;4.19.4&#8243; _module_preset=&#8221;default&#8221; global_colors_info=&#8221;{}&#8221;][et_pb_image src=&#8221;https:\/\/falcomp.hu\/wp-content\/uploads\/2021\/05\/Kepa1x1.jpg&#8221; alt=&#8221;FalComp&#8221; title_text=&#8221;FalComp&#8221; _builder_version=&#8221;4.19.4&#8243; _module_preset=&#8221;default&#8221; border_radii=&#8221;on|300px|300px|300px|300px&#8221; global_colors_info=&#8221;{}&#8221;][\/et_pb_image][\/et_pb_column][\/et_pb_row][et_pb_row column_structure=&#8221;2_5,3_5&#8243; _builder_version=&#8221;4.19.4&#8243; _module_preset=&#8221;default&#8221; animation_style=&#8221;fade&#8221; global_colors_info=&#8221;{}&#8221;][et_pb_column type=&#8221;2_5&#8243; _builder_version=&#8221;4.19.4&#8243; _module_preset=&#8221;default&#8221; global_colors_info=&#8221;{}&#8221;][et_pb_image src=&#8221;https:\/\/falcomp.hu\/wp-content\/uploads\/2023\/01\/Zsuzsiprofilkep.jpg&#8221; title_text=&#8221;Zsuzsiprofilk\u00e9p&#8221; _builder_version=&#8221;4.19.4&#8243; _module_preset=&#8221;default&#8221; border_radii=&#8221;on|300px|300px|300px|300px&#8221; global_colors_info=&#8221;{}&#8221;][\/et_pb_image][\/et_pb_column][et_pb_column type=&#8221;3_5&#8243; _builder_version=&#8221;4.19.4&#8243; _module_preset=&#8221;default&#8221; global_colors_info=&#8221;{}&#8221;][et_pb_text _builder_version=&#8221;4.19.4&#8243; _module_preset=&#8221;default&#8221; global_colors_info=&#8221;{}&#8221;]<\/p>\n<p class=\"western translation-block\" align=\"justify\">This is how the idea of FalComp was born, with the goal of helping others realize their dreams. Everything that is composite, everything that is 3D printing, whether it is a prototype, a custom product, or small-scale production, whoever turns to us can be sure that we will put our best knowledge into the realization.<\/p>\n<p class=\"western\" align=\"justify\"><span style=\"color: #ffffff;\"><span style=\"font-family: Open Sans, Arial;\"><span style=\"font-size: medium;\"><\/span><\/span><\/span><\/p>\n<p class=\"western translation-block\" align=\"justify\" style=\"padding-left: 40px;\">Our motto: continuous development, perseverance, striving for new and better, more efficient solutions.<\/p>\n<p class=\"western\" align=\"justify\" style=\"padding-left: 40px;\"><span style=\"color: #ffffff;\"><span style=\"font-family: Open Sans, Arial;\"><span style=\"font-size: medium;\"><\/span><\/span><\/span><\/p>\n<p class=\"western\" align=\"justify\"><span style=\"font-family: 'Open Sans', Arial; color: #ffffff;\"><span style=\"font-size: medium;\">The FalComp team currently consists of two people, a family business. So that I can focus on technical tasks and execution, my wife, Zsuzsanna Falusi-F\u00e1bi\u00e1n, handles the financial and logistical tasks and the development and maintenance of the website.<\/span><\/span><\/p>\n<p>[\/et_pb_text][\/et_pb_column][\/et_pb_row][\/et_pb_section][et_pb_section fb_built=&#8221;1&#8243; admin_label=&#8221;Szakasz&#8221; _builder_version=&#8221;4.19.4&#8243; _module_preset=&#8221;default&#8221; background_color=&#8221;#000000&#8243; custom_padding=&#8221;4px||0px|||&#8221; top_divider_color=&#8221;RGBA(255,255,255,0)&#8221; top_divider_height=&#8221;24px&#8221; top_divider_repeat=&#8221;5x&#8221; animation_style=&#8221;fade&#8221; global_colors_info=&#8221;{}&#8221;][et_pb_row column_structure=&#8221;1_2,1_2&#8243; admin_label=&#8221;Sor&#8221; _builder_version=&#8221;4.19.4&#8243; _module_preset=&#8221;default&#8221; global_colors_info=&#8221;{}&#8221;][et_pb_column type=&#8221;1_2&#8243; _builder_version=&#8221;4.19.4&#8243; _module_preset=&#8221;default&#8221; global_colors_info=&#8221;{}&#8221;][et_pb_contact_form email=&#8221;info@falcomp.hu&#8221; title=&#8221;K\u00e9rd\u00e9sed van? \u00cdrj nek\u00fcnk:&#8221; custom_message=&#8221;Teljes n\u00e9v: %%Name%%||et_pb_line_break_holder||Becen\u00e9v, megsz\u00f3l\u00edt\u00e1s: %%Nickname%%||et_pb_line_break_holder||Email c\u00edm: %%Email%%||et_pb_line_break_holder||\u00dczenet sz\u00f6vege:||et_pb_line_break_holder||%%Message%%&#8221; success_message=&#8221;\u00dczenetedet sikeresen elk\u00fcldted. Hamarosan v\u00e1laszolunk!&#8221; submit_button_text=&#8221;K\u00fcld\u00e9s&#8221; _builder_version=&#8221;4.19.4&#8243; _module_preset=&#8221;default&#8221; _unique_id=&#8221;786bbe7d-3420-4d46-b00d-f7140d4ae966&#8243; form_field_focus_background_color=&#8221;#FFD200&#8243; form_field_focus_text_color=&#8221;#000000&#8243; title_text_align=&#8221;left&#8221; title_text_color=&#8221;#FFFFFF&#8221; captcha_font=&#8221;|||on|||||&#8221; captcha_text_color=&#8221;#FFFFFF&#8221; captcha_font_size=&#8221;23px&#8221; captcha_letter_spacing=&#8221;8px&#8221; form_field_font=&#8221;|600|||||||&#8221; custom_button=&#8221;on&#8221; button_border_radius=&#8221;58px&#8221; button_font=&#8221;|600||on|||||&#8221; global_colors_info=&#8221;{}&#8221;][et_pb_contact_field field_id=&#8221;Name&#8221; field_title=&#8221;Teljes n\u00e9v&#8221; _builder_version=&#8221;4.19.4&#8243; global_colors_info=&#8221;{}&#8221; button_text_size__hover_enabled=&#8221;off&#8221; button_one_text_size__hover_enabled=&#8221;off&#8221; button_two_text_size__hover_enabled=&#8221;off&#8221; button_text_color__hover_enabled=&#8221;off&#8221; button_one_text_color__hover_enabled=&#8221;off&#8221; button_two_text_color__hover_enabled=&#8221;off&#8221; button_border_width__hover_enabled=&#8221;off&#8221; button_one_border_width__hover_enabled=&#8221;off&#8221; button_two_border_width__hover_enabled=&#8221;off&#8221; button_border_color__hover_enabled=&#8221;off&#8221; button_one_border_color__hover_enabled=&#8221;off&#8221; button_two_border_color__hover_enabled=&#8221;off&#8221; button_border_radius__hover_enabled=&#8221;off&#8221; button_one_border_radius__hover_enabled=&#8221;off&#8221; button_two_border_radius__hover_enabled=&#8221;off&#8221; button_letter_spacing__hover_enabled=&#8221;off&#8221; button_one_letter_spacing__hover_enabled=&#8221;off&#8221; button_two_letter_spacing__hover_enabled=&#8221;off&#8221; button_bg_color__hover_enabled=&#8221;off&#8221; button_one_bg_color__hover_enabled=&#8221;off&#8221; button_two_bg_color__hover_enabled=&#8221;off&#8221;][\/et_pb_contact_field][et_pb_contact_field field_id=&#8221;Nickname&#8221; field_title=&#8221;Hogy sz\u00f3l\u00edthatunk?&#8221; required_mark=&#8221;off&#8221; _builder_version=&#8221;4.19.4&#8243; _module_preset=&#8221;default&#8221; global_colors_info=&#8221;{}&#8221;][\/et_pb_contact_field][et_pb_contact_field field_id=&#8221;Email&#8221; field_title=&#8221;Email c\u00edm&#8221; field_type=&#8221;email&#8221; fullwidth_field=&#8221;on&#8221; _builder_version=&#8221;4.19.4&#8243; global_colors_info=&#8221;{}&#8221; button_text_size__hover_enabled=&#8221;off&#8221; button_one_text_size__hover_enabled=&#8221;off&#8221; button_two_text_size__hover_enabled=&#8221;off&#8221; button_text_color__hover_enabled=&#8221;off&#8221; button_one_text_color__hover_enabled=&#8221;off&#8221; button_two_text_color__hover_enabled=&#8221;off&#8221; button_border_width__hover_enabled=&#8221;off&#8221; button_one_border_width__hover_enabled=&#8221;off&#8221; button_two_border_width__hover_enabled=&#8221;off&#8221; button_border_color__hover_enabled=&#8221;off&#8221; button_one_border_color__hover_enabled=&#8221;off&#8221; button_two_border_color__hover_enabled=&#8221;off&#8221; button_border_radius__hover_enabled=&#8221;off&#8221; button_one_border_radius__hover_enabled=&#8221;off&#8221; button_two_border_radius__hover_enabled=&#8221;off&#8221; button_letter_spacing__hover_enabled=&#8221;off&#8221; button_one_letter_spacing__hover_enabled=&#8221;off&#8221; button_two_letter_spacing__hover_enabled=&#8221;off&#8221; button_bg_color__hover_enabled=&#8221;off&#8221; button_one_bg_color__hover_enabled=&#8221;off&#8221; button_two_bg_color__hover_enabled=&#8221;off&#8221;][\/et_pb_contact_field][et_pb_contact_field field_id=&#8221;Message&#8221; field_title=&#8221;Miben seg\u00edthet\u00fcnk?&#8221; field_type=&#8221;text&#8221; fullwidth_field=&#8221;on&#8221; _builder_version=&#8221;4.19.4&#8243; global_colors_info=&#8221;{}&#8221; button_text_size__hover_enabled=&#8221;off&#8221; button_one_text_size__hover_enabled=&#8221;off&#8221; button_two_text_size__hover_enabled=&#8221;off&#8221; button_text_color__hover_enabled=&#8221;off&#8221; button_one_text_color__hover_enabled=&#8221;off&#8221; button_two_text_color__hover_enabled=&#8221;off&#8221; button_border_width__hover_enabled=&#8221;off&#8221; button_one_border_width__hover_enabled=&#8221;off&#8221; button_two_border_width__hover_enabled=&#8221;off&#8221; button_border_color__hover_enabled=&#8221;off&#8221; button_one_border_color__hover_enabled=&#8221;off&#8221; button_two_border_color__hover_enabled=&#8221;off&#8221; button_border_radius__hover_enabled=&#8221;off&#8221; button_one_border_radius__hover_enabled=&#8221;off&#8221; button_two_border_radius__hover_enabled=&#8221;off&#8221; button_letter_spacing__hover_enabled=&#8221;off&#8221; button_one_letter_spacing__hover_enabled=&#8221;off&#8221; button_two_letter_spacing__hover_enabled=&#8221;off&#8221; button_bg_color__hover_enabled=&#8221;off&#8221; button_one_bg_color__hover_enabled=&#8221;off&#8221; button_two_bg_color__hover_enabled=&#8221;off&#8221;][\/et_pb_contact_field][\/et_pb_contact_form][\/et_pb_column][et_pb_column type=&#8221;1_2&#8243; _builder_version=&#8221;4.19.4&#8243; _module_preset=&#8221;default&#8221; global_colors_info=&#8221;{}&#8221;][\/et_pb_column][\/et_pb_row][\/et_pb_section][et_pb_section fb_built=&#8221;1&#8243; admin_label=&#8221;Szakasz&#8221; _builder_version=&#8221;4.19.4&#8243; _module_preset=&#8221;default&#8221; background_color=&#8221;#000000&#8243; global_colors_info=&#8221;{}&#8221;][et_pb_row _builder_version=&#8221;4.16&#8243; _module_preset=&#8221;default&#8221; global_colors_info=&#8221;{}&#8221;][et_pb_column type=&#8221;4_4&#8243; _builder_version=&#8221;4.16&#8243; _module_preset=&#8221;default&#8221; global_colors_info=&#8221;{}&#8221;][et_pb_text _builder_version=&#8221;4.19.4&#8243; _module_preset=&#8221;default&#8221; hover_enabled=&#8221;0&#8243; global_colors_info=&#8221;{}&#8221; sticky_enabled=&#8221;0&#8243;]<\/p>\n<h1><span style=\"color: #ffffff;\">Contact:<\/span><\/h1>\n<p style=\"padding-left: 40px;\"><span style=\"color: #ffffff;\">E-mail: info(@)falcomp.hu<\/span><\/p>\n<p>[\/et_pb_text][\/et_pb_column][\/et_pb_row][\/et_pb_section]<\/p>","protected":false},"excerpt":{"rendered":"<p>R\u00f3lunkFalusi Roland vagyok, g\u00e9p\u00e9szm\u00e9rn\u00f6k, innov\u00e1tor, a FalComp meg\u00e1lmod\u00f3ja. Gyerekkorom \u00f3ta l\u00e9telemem a tervez\u00e9s, alkot\u00e1s, \u00e9p\u00edt\u00e9s. M\u00e1r el\u00e9g kor\u00e1n kider\u00fclt, hogy a k\u00e9pess\u00e9geimet a m\u0171szaki ter\u00fcleten szeretn\u00e9m tov\u00e1bbfejleszteni, \u00edgy k\u00e9zenfekv\u0151 volt a m\u00e9rn\u00f6ki p\u00e1lya v\u00e1laszt\u00e1sa. M\u00e1sik szenved\u00e9lyem, szint\u00e9n gyerekkorom \u00f3ta a rep\u00fcl\u00e9s, \u00edgy gyakorlatilag a m\u0171szaki \u00e9rdekl\u0151d\u00e9s \u00e9s a rep\u00fcl\u00e9s, a rep\u00fcl\u0151 g\u00e9pezetek szeretete egy\u00fctt n\u0151tt [&hellip;]<\/p>","protected":false},"author":1,"featured_media":0,"parent":0,"menu_order":0,"comment_status":"closed","ping_status":"closed","template":"","meta":{"_et_pb_use_builder":"on","_et_pb_old_content":"","_et_gb_content_width":"","footnotes":""},"folder":[],"class_list":["post-259","page","type-page","status-publish","hentry"],"yoast_head":"<!-- This site is optimized with the Yoast SEO plugin v26.9 - https:\/\/yoast.com\/product\/yoast-seo-wordpress\/ -->\n<title>R\u00f3lunk - FalComp<\/title>\n<meta name=\"robots\" content=\"index, follow, max-snippet:-1, max-image-preview:large, max-video-preview:-1\" \/>\n<link rel=\"canonical\" href=\"https:\/\/falcomp.hu\/en\/rolunk\/\" \/>\n<meta property=\"og:locale\" content=\"en_GB\" \/>\n<meta property=\"og:type\" content=\"article\" \/>\n<meta property=\"og:title\" content=\"R\u00f3lunk - FalComp\" \/>\n<meta property=\"og:description\" content=\"R\u00f3lunkFalusi Roland vagyok, g\u00e9p\u00e9szm\u00e9rn\u00f6k, innov\u00e1tor, a FalComp meg\u00e1lmod\u00f3ja. Gyerekkorom \u00f3ta l\u00e9telemem a tervez\u00e9s, alkot\u00e1s, \u00e9p\u00edt\u00e9s. M\u00e1r el\u00e9g kor\u00e1n kider\u00fclt, hogy a k\u00e9pess\u00e9geimet a m\u0171szaki ter\u00fcleten szeretn\u00e9m tov\u00e1bbfejleszteni, \u00edgy k\u00e9zenfekv\u0151 volt a m\u00e9rn\u00f6ki p\u00e1lya v\u00e1laszt\u00e1sa. M\u00e1sik szenved\u00e9lyem, szint\u00e9n gyerekkorom \u00f3ta a rep\u00fcl\u00e9s, \u00edgy gyakorlatilag a m\u0171szaki \u00e9rdekl\u0151d\u00e9s \u00e9s a rep\u00fcl\u00e9s, a rep\u00fcl\u0151 g\u00e9pezetek szeretete egy\u00fctt n\u0151tt [&hellip;]\" \/>\n<meta property=\"og:url\" content=\"https:\/\/falcomp.hu\/en\/rolunk\/\" \/>\n<meta property=\"og:site_name\" content=\"FalComp\" \/>\n<meta property=\"article:modified_time\" content=\"2023-01-06T21:45:45+00:00\" \/>\n<meta name=\"twitter:card\" content=\"summary_large_image\" \/>\n<meta name=\"twitter:label1\" content=\"Estimated reading time\" \/>\n\t<meta name=\"twitter:data1\" content=\"2 minutes\" \/>\n<script type=\"application\/ld+json\" class=\"yoast-schema-graph\">{\"@context\":\"https:\/\/schema.org\",\"@graph\":[{\"@type\":\"WebPage\",\"@id\":\"https:\/\/falcomp.hu\/rolunk\/\",\"url\":\"https:\/\/falcomp.hu\/rolunk\/\",\"name\":\"R\u00f3lunk - FalComp\",\"isPartOf\":{\"@id\":\"https:\/\/falcomp.hu\/#website\"},\"datePublished\":\"2021-05-08T22:17:42+00:00\",\"dateModified\":\"2023-01-06T21:45:45+00:00\",\"breadcrumb\":{\"@id\":\"https:\/\/falcomp.hu\/rolunk\/#breadcrumb\"},\"inLanguage\":\"en-GB\",\"potentialAction\":[{\"@type\":\"ReadAction\",\"target\":[\"https:\/\/falcomp.hu\/rolunk\/\"]}]},{\"@type\":\"BreadcrumbList\",\"@id\":\"https:\/\/falcomp.hu\/rolunk\/#breadcrumb\",\"itemListElement\":[{\"@type\":\"ListItem\",\"position\":1,\"name\":\"Kezd\u0151lap\",\"item\":\"https:\/\/falcomp.hu\/\"},{\"@type\":\"ListItem\",\"position\":2,\"name\":\"R\u00f3lunk\"}]},{\"@type\":\"WebSite\",\"@id\":\"https:\/\/falcomp.hu\/#website\",\"url\":\"https:\/\/falcomp.hu\/\",\"name\":\"FalComp\",\"description\":\"Advanced Solutions\",\"potentialAction\":[{\"@type\":\"SearchAction\",\"target\":{\"@type\":\"EntryPoint\",\"urlTemplate\":\"https:\/\/falcomp.hu\/?s={search_term_string}\"},\"query-input\":{\"@type\":\"PropertyValueSpecification\",\"valueRequired\":true,\"valueName\":\"search_term_string\"}}],\"inLanguage\":\"en-GB\"}]}<\/script>\n<!-- \/ Yoast SEO plugin. -->","yoast_head_json":{"title":"R\u00f3lunk - FalComp","robots":{"index":"index","follow":"follow","max-snippet":"max-snippet:-1","max-image-preview":"max-image-preview:large","max-video-preview":"max-video-preview:-1"},"canonical":"https:\/\/falcomp.hu\/en\/rolunk\/","og_locale":"en_GB","og_type":"article","og_title":"R\u00f3lunk - FalComp","og_description":"R\u00f3lunkFalusi Roland vagyok, g\u00e9p\u00e9szm\u00e9rn\u00f6k, innov\u00e1tor, a FalComp meg\u00e1lmod\u00f3ja. Gyerekkorom \u00f3ta l\u00e9telemem a tervez\u00e9s, alkot\u00e1s, \u00e9p\u00edt\u00e9s. M\u00e1r el\u00e9g kor\u00e1n kider\u00fclt, hogy a k\u00e9pess\u00e9geimet a m\u0171szaki ter\u00fcleten szeretn\u00e9m tov\u00e1bbfejleszteni, \u00edgy k\u00e9zenfekv\u0151 volt a m\u00e9rn\u00f6ki p\u00e1lya v\u00e1laszt\u00e1sa. M\u00e1sik szenved\u00e9lyem, szint\u00e9n gyerekkorom \u00f3ta a rep\u00fcl\u00e9s, \u00edgy gyakorlatilag a m\u0171szaki \u00e9rdekl\u0151d\u00e9s \u00e9s a rep\u00fcl\u00e9s, a rep\u00fcl\u0151 g\u00e9pezetek szeretete egy\u00fctt n\u0151tt [&hellip;]","og_url":"https:\/\/falcomp.hu\/en\/rolunk\/","og_site_name":"FalComp","article_modified_time":"2023-01-06T21:45:45+00:00","twitter_card":"summary_large_image","twitter_misc":{"Estimated reading time":"2 minutes"},"schema":{"@context":"https:\/\/schema.org","@graph":[{"@type":"WebPage","@id":"https:\/\/falcomp.hu\/rolunk\/","url":"https:\/\/falcomp.hu\/rolunk\/","name":"R\u00f3lunk - FalComp","isPartOf":{"@id":"https:\/\/falcomp.hu\/#website"},"datePublished":"2021-05-08T22:17:42+00:00","dateModified":"2023-01-06T21:45:45+00:00","breadcrumb":{"@id":"https:\/\/falcomp.hu\/rolunk\/#breadcrumb"},"inLanguage":"en-GB","potentialAction":[{"@type":"ReadAction","target":["https:\/\/falcomp.hu\/rolunk\/"]}]},{"@type":"BreadcrumbList","@id":"https:\/\/falcomp.hu\/rolunk\/#breadcrumb","itemListElement":[{"@type":"ListItem","position":1,"name":"Kezd\u0151lap","item":"https:\/\/falcomp.hu\/"},{"@type":"ListItem","position":2,"name":"R\u00f3lunk"}]},{"@type":"WebSite","@id":"https:\/\/falcomp.hu\/#website","url":"https:\/\/falcomp.hu\/","name":"FalComp","description":"Advanced Solutions","potentialAction":[{"@type":"SearchAction","target":{"@type":"EntryPoint","urlTemplate":"https:\/\/falcomp.hu\/?s={search_term_string}"},"query-input":{"@type":"PropertyValueSpecification","valueRequired":true,"valueName":"search_term_string"}}],"inLanguage":"en-GB"}]}},"_links":{"self":[{"href":"https:\/\/falcomp.hu\/en\/wp-json\/wp\/v2\/pages\/259","targetHints":{"allow":["GET"]}}],"collection":[{"href":"https:\/\/falcomp.hu\/en\/wp-json\/wp\/v2\/pages"}],"about":[{"href":"https:\/\/falcomp.hu\/en\/wp-json\/wp\/v2\/types\/page"}],"author":[{"embeddable":true,"href":"https:\/\/falcomp.hu\/en\/wp-json\/wp\/v2\/users\/1"}],"replies":[{"embeddable":true,"href":"https:\/\/falcomp.hu\/en\/wp-json\/wp\/v2\/comments?post=259"}],"version-history":[{"count":19,"href":"https:\/\/falcomp.hu\/en\/wp-json\/wp\/v2\/pages\/259\/revisions"}],"predecessor-version":[{"id":430,"href":"https:\/\/falcomp.hu\/en\/wp-json\/wp\/v2\/pages\/259\/revisions\/430"}],"wp:attachment":[{"href":"https:\/\/falcomp.hu\/en\/wp-json\/wp\/v2\/media?parent=259"}],"wp:term":[{"taxonomy":"folder","embeddable":true,"href":"https:\/\/falcomp.hu\/en\/wp-json\/wp\/v2\/folder?post=259"}],"curies":[{"name":"wp","href":"https:\/\/api.w.org\/{rel}","templated":true}]}}