{"id":598,"date":"2025-12-29T13:23:46","date_gmt":"2025-12-29T13:23:46","guid":{"rendered":"https:\/\/falcomp.hu\/?page_id=598"},"modified":"2025-12-29T13:24:01","modified_gmt":"2025-12-29T13:24:01","slug":"szolgaltatasaink","status":"publish","type":"page","link":"https:\/\/falcomp.hu\/en\/szolgaltatasaink\/","title":{"rendered":"Our services"},"content":{"rendered":"[et_pb_section fb_built=&#8221;1&#8243; admin_label=&#8221;Header&#8221; _builder_version=&#8221;4.18.0&#8243; _module_preset=&#8221;default&#8221; background_color=&#8221;#000000&#8243; background_image=&#8221;https:\/\/falcomp.hu\/wp-content\/uploads\/2025\/12\/webdev-03-1.png&#8221; background_size=&#8221;initial&#8221; background_position=&#8221;top_center&#8221; custom_padding=&#8221;9vw||||false|false&#8221; collapsed=&#8221;on&#8221; global_colors_info=&#8221;{}&#8221;][et_pb_row column_structure=&#8221;2_5,3_5&#8243; _builder_version=&#8221;4.27.5&#8243; _module_preset=&#8221;default&#8221; custom_padding=&#8221;|0px|5px||false|false&#8221; animation_style=&#8221;fade&#8221; global_colors_info=&#8221;{}&#8221;][et_pb_column type=&#8221;2_5&#8243; _builder_version=&#8221;4.18.0&#8243; _module_preset=&#8221;default&#8221; global_colors_info=&#8221;{}&#8221;][et_pb_image src=&#8221;https:\/\/falcomp.hu\/wp-content\/uploads\/2024\/06\/zmorph-all-in-one-3d-printers-FB1vd3XT_zQ-unsplash.jpg&#8221; title_text=&#8221;3D nyomtat\u00e1s&#8221; _builder_version=&#8221;4.27.5&#8243; _module_preset=&#8221;default&#8221; global_colors_info=&#8221;{}&#8221;][\/et_pb_image][\/et_pb_column][et_pb_column type=&#8221;3_5&#8243; _builder_version=&#8221;4.18.0&#8243; _module_preset=&#8221;default&#8221; custom_padding=&#8221;24%||||false|false&#8221; custom_padding_tablet=&#8221;30px||30px||true|false&#8221; custom_padding_phone=&#8221;20px||20px||true|false&#8221; custom_padding_last_edited=&#8221;on|desktop&#8221; global_colors_info=&#8221;{}&#8221;][et_pb_text _builder_version=&#8221;4.27.5&#8243; _module_preset=&#8221;c16985e1-e0d6-4022-964d-e2bfc04fa633&#8243; header_font=&#8221;Roboto|700|||||||&#8221; header_text_color=&#8221;gcid-f1414204-51c0-48ff-bc68-c545a86d03e7&#8243; header_font_size=&#8221;75px&#8221; header_line_height=&#8221;1.2em&#8221; text_orientation=&#8221;right&#8221; custom_margin=&#8221;||||false|false&#8221; header_font_size_tablet=&#8221;40px&#8221; header_font_size_phone=&#8221;24px&#8221; header_font_size_last_edited=&#8221;on|desktop&#8221; global_colors_info=&#8221;{%22gcid-f1414204-51c0-48ff-bc68-c545a86d03e7%22:%91%22header_text_color%22%93}&#8221;]<h1>Our services<\/h1>[\/et_pb_text][et_pb_button button_text=&#8221;Referenci\u00e1ink&#8221; _builder_version=&#8221;4.27.5&#8243; _module_preset=&#8221;default&#8221; custom_button=&#8221;on&#8221; button_text_color=&#8221;#FFD200&#8243; button_border_color=&#8221;#FFD200&#8243; hover_enabled=&#8221;0&#8243; sticky_enabled=&#8221;0&#8243; button_alignment=&#8221;center&#8221;][\/et_pb_button][\/et_pb_column][\/et_pb_row][\/et_pb_section][et_pb_section fb_built=&#8221;1&#8243; custom_padding_last_edited=&#8221;on|phone&#8221; admin_label=&#8221;Services&#8221; _builder_version=&#8221;4.27.5&#8243; _module_preset=&#8221;default&#8221; background_color=&#8221;gcid-f1414204-51c0-48ff-bc68-c545a86d03e7&#8243; background_enable_image=&#8221;off&#8221; background_size=&#8221;initial&#8221; background_position=&#8221;bottom_center&#8221; custom_padding=&#8221;||3px||false|false&#8221; custom_padding_tablet=&#8221;||45vw||false|false&#8221; custom_padding_phone=&#8221;||45vw||false|false&#8221; background_last_edited=&#8221;on|tablet&#8221; background_size_tablet=&#8221;contain&#8221; collapsed=&#8221;on&#8221; global_colors_info=&#8221;{%22gcid-f1414204-51c0-48ff-bc68-c545a86d03e7%22:%91%22background_color%22%93}&#8221;][et_pb_row column_structure=&#8221;1_2,1_2&#8243; _builder_version=&#8221;4.27.5&#8243; _module_preset=&#8221;default&#8221; max_width=&#8221;700px&#8221; animation_style=&#8221;fade&#8221; global_colors_info=&#8221;{}&#8221;][et_pb_column type=&#8221;1_2&#8243; _builder_version=&#8221;4.18.0&#8243; _module_preset=&#8221;default&#8221; custom_padding=&#8221;20px||||false|false&#8221; border_color_all=&#8221;gcid-2cf18f4b-ad1d-4daf-a40a-75be4919065f&#8221; border_width_top=&#8221;18px&#8221; global_colors_info=&#8221;{%22gcid-2cf18f4b-ad1d-4daf-a40a-75be4919065f%22:%91%22border_color_all%22%93}&#8221;][et_pb_text _builder_version=&#8221;4.27.5&#8243; _module_preset=&#8221;b327cbe4-b1d5-4b66-ad37-40c8f2f061ba&#8221; header_2_font=&#8221;Roboto|700|||||||&#8221; header_2_font_size=&#8221;48px&#8221; header_2_line_height=&#8221;1.2em&#8221; background_color=&#8221;rgba(0,0,0,0)&#8221; text_orientation=&#8221;right&#8221; custom_margin=&#8221;||0px||false|false&#8221; custom_padding=&#8221;|0px|||false|false&#8221; header_2_font_size_tablet=&#8221;32px&#8221; header_2_font_size_phone=&#8221;20px&#8221; header_2_font_size_last_edited=&#8221;on|desktop&#8221; global_colors_info=&#8221;{}&#8221; background__hover_enabled=&#8221;on|desktop&#8221; background_color__hover=&#8221;#000000&#8243; background_enable_color__hover=&#8221;on&#8221; text_text_color__hover_enabled=&#8221;off|hover&#8221; text_text_color__hover=&#8221;#FFFFFF&#8221; header_2_text_color__hover_enabled=&#8221;on|hover&#8221; header_2_text_color__hover=&#8221;#FFFFFF&#8221; custom_margin__hover_enabled=&#8221;on|hover&#8221; custom_margin__hover=&#8221;|||-30px|false|false&#8221; custom_padding__hover_enabled=&#8221;on|hover&#8221; custom_padding__hover=&#8221;|10px|||false|false&#8221;]<h2 style=\"text-align: right;\">Tervez\u00e9s \u00e9s fejleszt\u00e9s<\/h2>[\/et_pb_text][et_pb_text _builder_version=&#8221;4.27.5&#8243; _module_preset=&#8221;b327cbe4-b1d5-4b66-ad37-40c8f2f061ba&#8221; header_2_font=&#8221;Roboto|700|||||||&#8221; header_2_font_size=&#8221;48px&#8221; header_2_line_height=&#8221;1.2em&#8221; background_color=&#8221;rgba(0,0,0,0)&#8221; text_orientation=&#8221;right&#8221; custom_margin=&#8221;||0px||false|false&#8221; custom_padding=&#8221;|0px|||false|false&#8221; header_2_font_size_tablet=&#8221;32px&#8221; header_2_font_size_phone=&#8221;20px&#8221; header_2_font_size_last_edited=&#8221;on|desktop&#8221; global_colors_info=&#8221;{}&#8221; custom_margin__hover=&#8221;|||-30px|false|false&#8221; custom_margin__hover_enabled=&#8221;on|hover&#8221; background_color__hover=&#8221;#000000&#8243; background__hover_enabled=&#8221;on|desktop&#8221; custom_padding__hover=&#8221;|10px|||false|false&#8221; custom_padding__hover_enabled=&#8221;on|hover&#8221; background_enable_color__hover=&#8221;on&#8221; header_2_text_color__hover=&#8221;#FFFFFF&#8221; header_2_text_color__hover_enabled=&#8221;on|desktop&#8221;]<h2><b>Protot\u00edpus &amp; technol\u00f3gia<\/b><\/h2>\n<h2><a href=\"#\"><\/a><\/h2>[\/et_pb_text][et_pb_text _builder_version=&#8221;4.27.5&#8243; _module_preset=&#8221;b327cbe4-b1d5-4b66-ad37-40c8f2f061ba&#8221; header_2_font=&#8221;Roboto|700|||||||&#8221; header_2_font_size=&#8221;48px&#8221; header_2_line_height=&#8221;1.2em&#8221; background_color=&#8221;rgba(0,0,0,0)&#8221; text_orientation=&#8221;right&#8221; custom_margin=&#8221;||0px||false|false&#8221; custom_padding=&#8221;|0px|||false|false&#8221; header_2_font_size_tablet=&#8221;32px&#8221; header_2_font_size_phone=&#8221;20px&#8221; header_2_font_size_last_edited=&#8221;on|desktop&#8221; global_colors_info=&#8221;{}&#8221; custom_margin__hover=&#8221;|||-30px|false|false&#8221; custom_margin__hover_enabled=&#8221;on|hover&#8221; background_color__hover=&#8221;#000000&#8243; background__hover_enabled=&#8221;on|desktop&#8221; custom_padding__hover=&#8221;|10px|||false|false&#8221; custom_padding__hover_enabled=&#8221;on|hover&#8221; background_enable_color__hover=&#8221;on&#8221; header_2_text_color__hover=&#8221;#FFFFFF&#8221; header_2_text_color__hover_enabled=&#8221;on|hover&#8221;]<h2>Megval\u00f3s\u00edt\u00e1s &amp; t\u00e1mogat\u00e1s<\/h2>[\/et_pb_text][et_pb_text _builder_version=&#8221;4.27.5&#8243; _module_preset=&#8221;b327cbe4-b1d5-4b66-ad37-40c8f2f061ba&#8221; header_2_font=&#8221;Roboto|700|||||||&#8221; header_2_font_size=&#8221;48px&#8221; header_2_line_height=&#8221;1.2em&#8221; background_color=&#8221;rgba(0,0,0,0)&#8221; text_orientation=&#8221;right&#8221; custom_margin=&#8221;||0px||false|false&#8221; custom_padding=&#8221;|0px|||false|false&#8221; header_2_font_size_tablet=&#8221;32px&#8221; header_2_font_size_phone=&#8221;20px&#8221; header_2_font_size_last_edited=&#8221;on|desktop&#8221; global_colors_info=&#8221;{}&#8221; custom_margin__hover=&#8221;|||-30px|false|false&#8221; custom_margin__hover_enabled=&#8221;on|hover&#8221; background_color__hover=&#8221;#000000&#8243; background__hover_enabled=&#8221;on|desktop&#8221; custom_padding__hover=&#8221;|10px|||false|false&#8221; custom_padding__hover_enabled=&#8221;on|hover&#8221; background_enable_color__hover=&#8221;on&#8221; header_2_text_color__hover=&#8221;#FFFFFF&#8221; header_2_text_color__hover_enabled=&#8221;on|hover&#8221;]<h2>Egy\u00e9b<\/h2>[\/et_pb_text][\/et_pb_column][et_pb_column type=&#8221;1_2&#8243; _builder_version=&#8221;4.18.0&#8243; _module_preset=&#8221;default&#8221; global_colors_info=&#8221;{}&#8221;][et_pb_text _builder_version=&#8221;4.27.5&#8243; _module_preset=&#8221;64599ba5-eb7d-4ee0-85a7-6565874456c5&#8243; header_5_font=&#8221;Roboto|700|||||||&#8221; header_5_font_size=&#8221;18px&#8221; custom_margin=&#8221;||0px||false|false&#8221; header_5_font_size_tablet=&#8221;16px&#8221; header_5_font_size_phone=&#8221;15px&#8221; header_5_font_size_last_edited=&#8221;on|desktop&#8221; locked=&#8221;off&#8221; global_colors_info=&#8221;{}&#8221;][\/et_pb_text][et_pb_text _builder_version=&#8221;4.27.5&#8243; _module_preset=&#8221;4c43b4b6-66bf-432d-959a-705bda24a650&#8243; text_font=&#8221;Archivo||||||||&#8221; text_line_height=&#8221;1.6em&#8221; header_font_size_tablet=&#8221;55px&#8221; header_font_size_last_edited=&#8221;off|desktop&#8221; locked=&#8221;off&#8221; global_colors_info=&#8221;{}&#8221;]<ul>\n<li>CAD tervez\u00e9s<\/li>\n<li>Term\u00e9kfejleszt\u00e9s null\u00e1r\u00f3l vagy megl\u00e9v\u0151 koncepci\u00f3 alapj\u00e1n<\/li>\n<li>L\u00e1tv\u00e1nytervek, bemutat\u00f3darabok \u00e1raj\u00e1nlatokhoz, prezent\u00e1ci\u00f3khoz<\/li>\n<\/ul>[\/et_pb_text][et_pb_text _builder_version=&#8221;4.27.5&#8243; _module_preset=&#8221;4c43b4b6-66bf-432d-959a-705bda24a650&#8243; text_font=&#8221;Archivo||||||||&#8221; text_line_height=&#8221;1.6em&#8221; custom_margin=&#8221;-19px|||||&#8221; header_font_size_tablet=&#8221;55px&#8221; header_font_size_last_edited=&#8221;off|desktop&#8221; locked=&#8221;off&#8221; global_colors_info=&#8221;{}&#8221;]<ul>\n<li>Protot\u00edpus-k\u00e9sz\u00edt\u00e9s<\/li>\n<li>3D nyomtat\u00e1s (funkcion\u00e1lis \u00e9s vizu\u00e1lis modellek)<\/li>\n<li>Kompozit technol\u00f3gi\u00e1k alkalmaz\u00e1sa<\/li>\n<\/ul>[\/et_pb_text][et_pb_text _builder_version=&#8221;4.27.5&#8243; _module_preset=&#8221;4c43b4b6-66bf-432d-959a-705bda24a650&#8243; text_font=&#8221;Archivo||||||||&#8221; text_line_height=&#8221;1.6em&#8221; custom_margin=&#8221;-19px|||||&#8221; custom_padding=&#8221;15px|||||&#8221; header_font_size_tablet=&#8221;55px&#8221; header_font_size_last_edited=&#8221;off|desktop&#8221; locked=&#8221;off&#8221; global_colors_info=&#8221;{}&#8221;]<ul>\n<li>M\u0171szaki dokument\u00e1ci\u00f3<\/li>\n<li>Gy\u00e1rt\u00e1s-el\u0151k\u00e9sz\u00edt\u00e9s<\/li>\n<li>Projektalap\u00fa m\u00e9rn\u00f6ki t\u00e1mogat\u00e1s<\/li>\n<\/ul>[\/et_pb_text][et_pb_text _builder_version=&#8221;4.27.5&#8243; _module_preset=&#8221;4c43b4b6-66bf-432d-959a-705bda24a650&#8243; text_font=&#8221;Archivo||||||||&#8221; text_line_height=&#8221;1.6em&#8221; custom_margin=&#8221;-19px|||||&#8221; custom_padding=&#8221;15px|||||&#8221; header_font_size_tablet=&#8221;55px&#8221; header_font_size_last_edited=&#8221;off|desktop&#8221; locked=&#8221;off&#8221; global_colors_info=&#8221;{}&#8221;]<p>\u2022<span class=\"Apple-tab-span\"> <\/span>Meghib\u00e1sodott, t\u00f6r\u00f6tt, s\u00e9r\u00fclt alkatr\u00e9szek \u00fajratervez\u00e9se, reprodukci\u00f3ja<\/p>[\/et_pb_text][\/et_pb_column][\/et_pb_row][\/et_pb_section][et_pb_section fb_built=&#8221;1&#8243; admin_label=&#8221;Szakasz&#8221; _builder_version=&#8221;4.19.4&#8243; _module_preset=&#8221;default&#8221; background_color=&#8221;#000000&#8243; custom_padding=&#8221;4px||0px|||&#8221; top_divider_color=&#8221;RGBA(255,255,255,0)&#8221; top_divider_height=&#8221;24px&#8221; top_divider_repeat=&#8221;5x&#8221; animation_style=&#8221;fade&#8221; global_colors_info=&#8221;{}&#8221;][et_pb_row column_structure=&#8221;1_2,1_2&#8243; admin_label=&#8221;Sor&#8221; _builder_version=&#8221;4.19.4&#8243; _module_preset=&#8221;default&#8221; global_colors_info=&#8221;{}&#8221;][et_pb_column type=&#8221;1_2&#8243; _builder_version=&#8221;4.19.4&#8243; _module_preset=&#8221;default&#8221; global_colors_info=&#8221;{}&#8221;][et_pb_contact_form email=&#8221;info@falcomp.hu&#8221; title=&#8221;K\u00e9rd\u00e9sed van? \u00cdrj nek\u00fcnk:&#8221; custom_message=&#8221;Teljes n\u00e9v: %%Name%%||et_pb_line_break_holder||Becen\u00e9v, megsz\u00f3l\u00edt\u00e1s: %%Nickname%%||et_pb_line_break_holder||Email c\u00edm: %%Email%%||et_pb_line_break_holder||\u00dczenet sz\u00f6vege:||et_pb_line_break_holder||%%Message%%&#8221; success_message=&#8221;\u00dczenetedet sikeresen elk\u00fcldted. Hamarosan v\u00e1laszolunk!&#8221; submit_button_text=&#8221;K\u00fcld\u00e9s&#8221; _builder_version=&#8221;4.19.4&#8243; _module_preset=&#8221;default&#8221; _unique_id=&#8221;786bbe7d-3420-4d46-b00d-f7140d4ae966&#8243; form_field_focus_background_color=&#8221;#FFD200&#8243; form_field_focus_text_color=&#8221;#000000&#8243; title_text_align=&#8221;left&#8221; title_text_color=&#8221;#FFFFFF&#8221; captcha_font=&#8221;|||on|||||&#8221; captcha_text_color=&#8221;#FFFFFF&#8221; captcha_font_size=&#8221;23px&#8221; captcha_letter_spacing=&#8221;8px&#8221; form_field_font=&#8221;|600|||||||&#8221; custom_button=&#8221;on&#8221; button_border_radius=&#8221;58px&#8221; button_font=&#8221;|600||on|||||&#8221; global_colors_info=&#8221;{}&#8221;][et_pb_contact_field field_id=&#8221;Name&#8221; field_title=&#8221;Teljes n\u00e9v&#8221; _builder_version=&#8221;4.19.4&#8243; global_colors_info=&#8221;{}&#8221; button_text_size__hover_enabled=&#8221;off&#8221; button_one_text_size__hover_enabled=&#8221;off&#8221; button_two_text_size__hover_enabled=&#8221;off&#8221; button_text_color__hover_enabled=&#8221;off&#8221; button_one_text_color__hover_enabled=&#8221;off&#8221; button_two_text_color__hover_enabled=&#8221;off&#8221; button_border_width__hover_enabled=&#8221;off&#8221; button_one_border_width__hover_enabled=&#8221;off&#8221; button_two_border_width__hover_enabled=&#8221;off&#8221; button_border_color__hover_enabled=&#8221;off&#8221; button_one_border_color__hover_enabled=&#8221;off&#8221; button_two_border_color__hover_enabled=&#8221;off&#8221; button_border_radius__hover_enabled=&#8221;off&#8221; button_one_border_radius__hover_enabled=&#8221;off&#8221; button_two_border_radius__hover_enabled=&#8221;off&#8221; button_letter_spacing__hover_enabled=&#8221;off&#8221; button_one_letter_spacing__hover_enabled=&#8221;off&#8221; button_two_letter_spacing__hover_enabled=&#8221;off&#8221; button_bg_color__hover_enabled=&#8221;off&#8221; button_one_bg_color__hover_enabled=&#8221;off&#8221; button_two_bg_color__hover_enabled=&#8221;off&#8221;][\/et_pb_contact_field][et_pb_contact_field field_id=&#8221;Nickname&#8221; field_title=&#8221;Hogy sz\u00f3l\u00edthatunk?&#8221; required_mark=&#8221;off&#8221; _builder_version=&#8221;4.19.4&#8243; _module_preset=&#8221;default&#8221; global_colors_info=&#8221;{}&#8221;][\/et_pb_contact_field][et_pb_contact_field field_id=&#8221;Email&#8221; field_title=&#8221;Email c\u00edm&#8221; field_type=&#8221;email&#8221; fullwidth_field=&#8221;on&#8221; _builder_version=&#8221;4.19.4&#8243; global_colors_info=&#8221;{}&#8221; button_text_size__hover_enabled=&#8221;off&#8221; button_one_text_size__hover_enabled=&#8221;off&#8221; button_two_text_size__hover_enabled=&#8221;off&#8221; button_text_color__hover_enabled=&#8221;off&#8221; button_one_text_color__hover_enabled=&#8221;off&#8221; button_two_text_color__hover_enabled=&#8221;off&#8221; button_border_width__hover_enabled=&#8221;off&#8221; button_one_border_width__hover_enabled=&#8221;off&#8221; button_two_border_width__hover_enabled=&#8221;off&#8221; button_border_color__hover_enabled=&#8221;off&#8221; button_one_border_color__hover_enabled=&#8221;off&#8221; button_two_border_color__hover_enabled=&#8221;off&#8221; button_border_radius__hover_enabled=&#8221;off&#8221; button_one_border_radius__hover_enabled=&#8221;off&#8221; button_two_border_radius__hover_enabled=&#8221;off&#8221; button_letter_spacing__hover_enabled=&#8221;off&#8221; button_one_letter_spacing__hover_enabled=&#8221;off&#8221; button_two_letter_spacing__hover_enabled=&#8221;off&#8221; button_bg_color__hover_enabled=&#8221;off&#8221; button_one_bg_color__hover_enabled=&#8221;off&#8221; button_two_bg_color__hover_enabled=&#8221;off&#8221;][\/et_pb_contact_field][et_pb_contact_field field_id=&#8221;Message&#8221; field_title=&#8221;Miben seg\u00edthet\u00fcnk?&#8221; field_type=&#8221;text&#8221; fullwidth_field=&#8221;on&#8221; _builder_version=&#8221;4.19.4&#8243; global_colors_info=&#8221;{}&#8221; button_text_size__hover_enabled=&#8221;off&#8221; button_one_text_size__hover_enabled=&#8221;off&#8221; button_two_text_size__hover_enabled=&#8221;off&#8221; button_text_color__hover_enabled=&#8221;off&#8221; button_one_text_color__hover_enabled=&#8221;off&#8221; button_two_text_color__hover_enabled=&#8221;off&#8221; button_border_width__hover_enabled=&#8221;off&#8221; button_one_border_width__hover_enabled=&#8221;off&#8221; button_two_border_width__hover_enabled=&#8221;off&#8221; button_border_color__hover_enabled=&#8221;off&#8221; button_one_border_color__hover_enabled=&#8221;off&#8221; button_two_border_color__hover_enabled=&#8221;off&#8221; button_border_radius__hover_enabled=&#8221;off&#8221; button_one_border_radius__hover_enabled=&#8221;off&#8221; button_two_border_radius__hover_enabled=&#8221;off&#8221; button_letter_spacing__hover_enabled=&#8221;off&#8221; button_one_letter_spacing__hover_enabled=&#8221;off&#8221; button_two_letter_spacing__hover_enabled=&#8221;off&#8221; button_bg_color__hover_enabled=&#8221;off&#8221; button_one_bg_color__hover_enabled=&#8221;off&#8221; button_two_bg_color__hover_enabled=&#8221;off&#8221;][\/et_pb_contact_field][\/et_pb_contact_form][\/et_pb_column][et_pb_column type=&#8221;1_2&#8243; _builder_version=&#8221;4.19.4&#8243; _module_preset=&#8221;default&#8221; global_colors_info=&#8221;{}&#8221;][\/et_pb_column][\/et_pb_row][\/et_pb_section]","protected":false},"excerpt":{"rendered":"<p>Szolg\u00e1ltat\u00e1sainkTervez\u00e9s \u00e9s fejleszt\u00e9sProtot\u00edpus &amp; technol\u00f3gia Megval\u00f3s\u00edt\u00e1s &amp; t\u00e1mogat\u00e1sEgy\u00e9b CAD tervez\u00e9s Term\u00e9kfejleszt\u00e9s null\u00e1r\u00f3l vagy megl\u00e9v\u0151 koncepci\u00f3 alapj\u00e1n L\u00e1tv\u00e1nytervek, bemutat\u00f3darabok \u00e1raj\u00e1nlatokhoz, prezent\u00e1ci\u00f3khoz Protot\u00edpus-k\u00e9sz\u00edt\u00e9s 3D nyomtat\u00e1s (funkcion\u00e1lis \u00e9s vizu\u00e1lis modellek) Kompozit technol\u00f3gi\u00e1k alkalmaz\u00e1sa M\u0171szaki dokument\u00e1ci\u00f3 Gy\u00e1rt\u00e1s-el\u0151k\u00e9sz\u00edt\u00e9s Projektalap\u00fa m\u00e9rn\u00f6ki t\u00e1mogat\u00e1s \u2022 Meghib\u00e1sodott, t\u00f6r\u00f6tt, s\u00e9r\u00fclt alkatr\u00e9szek \u00fajratervez\u00e9se, reprodukci\u00f3ja<\/p>","protected":false},"author":1,"featured_media":0,"parent":0,"menu_order":0,"comment_status":"closed","ping_status":"closed","template":"","meta":{"_et_pb_use_builder":"on","_et_pb_old_content":"","_et_gb_content_width":"","footnotes":""},"folder":[],"class_list":["post-598","page","type-page","status-publish","hentry"],"yoast_head":"<!-- This site is optimized with the Yoast SEO plugin v26.9 - https:\/\/yoast.com\/product\/yoast-seo-wordpress\/ -->\n<title>Szolg\u00e1ltat\u00e1saink - FalComp<\/title>\n<meta name=\"robots\" content=\"index, follow, max-snippet:-1, max-image-preview:large, max-video-preview:-1\" \/>\n<link rel=\"canonical\" href=\"https:\/\/falcomp.hu\/en\/szolgaltatasaink\/\" \/>\n<meta property=\"og:locale\" content=\"en_GB\" \/>\n<meta property=\"og:type\" content=\"article\" \/>\n<meta property=\"og:title\" content=\"Szolg\u00e1ltat\u00e1saink - FalComp\" \/>\n<meta property=\"og:description\" content=\"Szolg\u00e1ltat\u00e1sainkTervez\u00e9s \u00e9s fejleszt\u00e9sProtot\u00edpus &amp; technol\u00f3gia Megval\u00f3s\u00edt\u00e1s &amp; t\u00e1mogat\u00e1sEgy\u00e9b CAD tervez\u00e9s Term\u00e9kfejleszt\u00e9s null\u00e1r\u00f3l vagy megl\u00e9v\u0151 koncepci\u00f3 alapj\u00e1n L\u00e1tv\u00e1nytervek, bemutat\u00f3darabok \u00e1raj\u00e1nlatokhoz, prezent\u00e1ci\u00f3khoz Protot\u00edpus-k\u00e9sz\u00edt\u00e9s 3D nyomtat\u00e1s (funkcion\u00e1lis \u00e9s vizu\u00e1lis modellek) Kompozit technol\u00f3gi\u00e1k alkalmaz\u00e1sa M\u0171szaki dokument\u00e1ci\u00f3 Gy\u00e1rt\u00e1s-el\u0151k\u00e9sz\u00edt\u00e9s Projektalap\u00fa m\u00e9rn\u00f6ki t\u00e1mogat\u00e1s \u2022 Meghib\u00e1sodott, t\u00f6r\u00f6tt, s\u00e9r\u00fclt alkatr\u00e9szek \u00fajratervez\u00e9se, reprodukci\u00f3ja\" \/>\n<meta property=\"og:url\" content=\"https:\/\/falcomp.hu\/en\/szolgaltatasaink\/\" \/>\n<meta property=\"og:site_name\" content=\"FalComp\" \/>\n<meta property=\"article:modified_time\" content=\"2025-12-29T13:24:01+00:00\" \/>\n<meta name=\"twitter:card\" content=\"summary_large_image\" \/>\n<meta name=\"twitter:label1\" content=\"Estimated reading time\" \/>\n\t<meta name=\"twitter:data1\" content=\"1 minute\" \/>\n<script type=\"application\/ld+json\" class=\"yoast-schema-graph\">{\"@context\":\"https:\/\/schema.org\",\"@graph\":[{\"@type\":\"WebPage\",\"@id\":\"https:\/\/falcomp.hu\/szolgaltatasaink\/\",\"url\":\"https:\/\/falcomp.hu\/szolgaltatasaink\/\",\"name\":\"Szolg\u00e1ltat\u00e1saink - FalComp\",\"isPartOf\":{\"@id\":\"https:\/\/falcomp.hu\/#website\"},\"datePublished\":\"2025-12-29T13:23:46+00:00\",\"dateModified\":\"2025-12-29T13:24:01+00:00\",\"breadcrumb\":{\"@id\":\"https:\/\/falcomp.hu\/szolgaltatasaink\/#breadcrumb\"},\"inLanguage\":\"en-GB\",\"potentialAction\":[{\"@type\":\"ReadAction\",\"target\":[\"https:\/\/falcomp.hu\/szolgaltatasaink\/\"]}]},{\"@type\":\"BreadcrumbList\",\"@id\":\"https:\/\/falcomp.hu\/szolgaltatasaink\/#breadcrumb\",\"itemListElement\":[{\"@type\":\"ListItem\",\"position\":1,\"name\":\"Kezd\u0151lap\",\"item\":\"https:\/\/falcomp.hu\/\"},{\"@type\":\"ListItem\",\"position\":2,\"name\":\"Szolg\u00e1ltat\u00e1saink\"}]},{\"@type\":\"WebSite\",\"@id\":\"https:\/\/falcomp.hu\/#website\",\"url\":\"https:\/\/falcomp.hu\/\",\"name\":\"FalComp\",\"description\":\"Advanced Solutions\",\"potentialAction\":[{\"@type\":\"SearchAction\",\"target\":{\"@type\":\"EntryPoint\",\"urlTemplate\":\"https:\/\/falcomp.hu\/?s={search_term_string}\"},\"query-input\":{\"@type\":\"PropertyValueSpecification\",\"valueRequired\":true,\"valueName\":\"search_term_string\"}}],\"inLanguage\":\"en-GB\"}]}<\/script>\n<!-- \/ Yoast SEO plugin. -->","yoast_head_json":{"title":"Szolg\u00e1ltat\u00e1saink - FalComp","robots":{"index":"index","follow":"follow","max-snippet":"max-snippet:-1","max-image-preview":"max-image-preview:large","max-video-preview":"max-video-preview:-1"},"canonical":"https:\/\/falcomp.hu\/en\/szolgaltatasaink\/","og_locale":"en_GB","og_type":"article","og_title":"Szolg\u00e1ltat\u00e1saink - FalComp","og_description":"Szolg\u00e1ltat\u00e1sainkTervez\u00e9s \u00e9s fejleszt\u00e9sProtot\u00edpus &amp; technol\u00f3gia Megval\u00f3s\u00edt\u00e1s &amp; t\u00e1mogat\u00e1sEgy\u00e9b CAD tervez\u00e9s Term\u00e9kfejleszt\u00e9s null\u00e1r\u00f3l vagy megl\u00e9v\u0151 koncepci\u00f3 alapj\u00e1n L\u00e1tv\u00e1nytervek, bemutat\u00f3darabok \u00e1raj\u00e1nlatokhoz, prezent\u00e1ci\u00f3khoz Protot\u00edpus-k\u00e9sz\u00edt\u00e9s 3D nyomtat\u00e1s (funkcion\u00e1lis \u00e9s vizu\u00e1lis modellek) Kompozit technol\u00f3gi\u00e1k alkalmaz\u00e1sa M\u0171szaki dokument\u00e1ci\u00f3 Gy\u00e1rt\u00e1s-el\u0151k\u00e9sz\u00edt\u00e9s Projektalap\u00fa m\u00e9rn\u00f6ki t\u00e1mogat\u00e1s \u2022 Meghib\u00e1sodott, t\u00f6r\u00f6tt, s\u00e9r\u00fclt alkatr\u00e9szek \u00fajratervez\u00e9se, reprodukci\u00f3ja","og_url":"https:\/\/falcomp.hu\/en\/szolgaltatasaink\/","og_site_name":"FalComp","article_modified_time":"2025-12-29T13:24:01+00:00","twitter_card":"summary_large_image","twitter_misc":{"Estimated reading time":"1 minute"},"schema":{"@context":"https:\/\/schema.org","@graph":[{"@type":"WebPage","@id":"https:\/\/falcomp.hu\/szolgaltatasaink\/","url":"https:\/\/falcomp.hu\/szolgaltatasaink\/","name":"Szolg\u00e1ltat\u00e1saink - FalComp","isPartOf":{"@id":"https:\/\/falcomp.hu\/#website"},"datePublished":"2025-12-29T13:23:46+00:00","dateModified":"2025-12-29T13:24:01+00:00","breadcrumb":{"@id":"https:\/\/falcomp.hu\/szolgaltatasaink\/#breadcrumb"},"inLanguage":"en-GB","potentialAction":[{"@type":"ReadAction","target":["https:\/\/falcomp.hu\/szolgaltatasaink\/"]}]},{"@type":"BreadcrumbList","@id":"https:\/\/falcomp.hu\/szolgaltatasaink\/#breadcrumb","itemListElement":[{"@type":"ListItem","position":1,"name":"Kezd\u0151lap","item":"https:\/\/falcomp.hu\/"},{"@type":"ListItem","position":2,"name":"Szolg\u00e1ltat\u00e1saink"}]},{"@type":"WebSite","@id":"https:\/\/falcomp.hu\/#website","url":"https:\/\/falcomp.hu\/","name":"FalComp","description":"Advanced Solutions","potentialAction":[{"@type":"SearchAction","target":{"@type":"EntryPoint","urlTemplate":"https:\/\/falcomp.hu\/?s={search_term_string}"},"query-input":{"@type":"PropertyValueSpecification","valueRequired":true,"valueName":"search_term_string"}}],"inLanguage":"en-GB"}]}},"_links":{"self":[{"href":"https:\/\/falcomp.hu\/en\/wp-json\/wp\/v2\/pages\/598","targetHints":{"allow":["GET"]}}],"collection":[{"href":"https:\/\/falcomp.hu\/en\/wp-json\/wp\/v2\/pages"}],"about":[{"href":"https:\/\/falcomp.hu\/en\/wp-json\/wp\/v2\/types\/page"}],"author":[{"embeddable":true,"href":"https:\/\/falcomp.hu\/en\/wp-json\/wp\/v2\/users\/1"}],"replies":[{"embeddable":true,"href":"https:\/\/falcomp.hu\/en\/wp-json\/wp\/v2\/comments?post=598"}],"version-history":[{"count":6,"href":"https:\/\/falcomp.hu\/en\/wp-json\/wp\/v2\/pages\/598\/revisions"}],"predecessor-version":[{"id":621,"href":"https:\/\/falcomp.hu\/en\/wp-json\/wp\/v2\/pages\/598\/revisions\/621"}],"wp:attachment":[{"href":"https:\/\/falcomp.hu\/en\/wp-json\/wp\/v2\/media?parent=598"}],"wp:term":[{"taxonomy":"folder","embeddable":true,"href":"https:\/\/falcomp.hu\/en\/wp-json\/wp\/v2\/folder?post=598"}],"curies":[{"name":"wp","href":"https:\/\/api.w.org\/{rel}","templated":true}]}}